{"id":86,"date":"2020-02-18T10:57:48","date_gmt":"2020-02-18T09:57:48","guid":{"rendered":"http:\/\/192.168.178.71\/?page_id=86"},"modified":"2026-03-02T18:40:00","modified_gmt":"2026-03-02T17:40:00","slug":"ffw-allgemein","status":"publish","type":"page","link":"https:\/\/www.pilgerndorf.de\/index.php\/ffw-allgemein\/","title":{"rendered":"Allgemein"},"content":{"rendered":"<h2 style=\"text-align: center;\"><strong>Freiwillige Feuerwehr Pilgerndorf e. V.<\/strong><\/h2>\n<h6><img loading=\"lazy\" decoding=\"async\" class=\"size-full wp-image-67 aligncenter\" src=\"https:\/\/www.pilgerndorf.de\/wp-content\/uploads\/2020\/02\/Wappen.jpg\" alt=\"\" width=\"284\" height=\"370\" \/><\/h6>\n<p>Vereinszweck ist die Unterst\u00fctzung der Freiwilligen Feuerwehr Pilgerndorf-Sch\u00f6nfeld, insbesondere die Werbung und das Stellen von Einsatzkr\u00e4ften.<\/p>\n<p>&nbsp;<\/p>\n<h4><strong>Postanschrift:<\/strong><\/h4>\n<p>Freiwillige Feuerwehr Pilgerndorf e. V.<br \/>\nPilgerndorf 28<br \/>\n96142 Hollfeld<\/p>\n<p>&nbsp;<\/p>\n<h4><strong>E-Mail-Adresse:<\/strong><\/h4>\n<p><a href=\"mailto:ff-pilgerndorf@web.de\">ff-pilgerndorf@web.de<\/a><\/p>\n<p>&nbsp;<\/p>\n<h4><strong>Mitglieder:<\/strong> 51 (Stand 01.01.2026)<\/h4>\n<p>&nbsp;<\/p>\n<h4><strong>Vereinsregister:<\/strong><\/h4>\n<p>Amtsgericht Bayreuth VR 200 389<\/p>\n<p>&nbsp;<\/p>\n<h4><strong>Bankverbindung:<\/strong><\/h4>\n<p>Raiffeisenbank Fr\u00e4nkische Schweiz eG<br \/>\nBIC: GENODEF1HWA<br \/>\nIBAN: DE18 7736 5792 0001 0327 20<\/p>\n<p>&nbsp;<\/p>\n<h4><strong>Mitglied im Kreisfeuerverband Bayreuth e. V.<\/strong><\/h4>\n<p><a href=\"https:\/\/www.kfv-bayreuth.de\/\" target=\"_blank\" rel=\"noopener noreferrer\"><img loading=\"lazy\" decoding=\"async\" class=\"alignnone\" title=\"Kreisfeuerwehrverband\" src=\"https:\/\/www.pilgerndorf.de\/wp-content\/uploads\/2020\/03\/kfv_200.jpg\" alt=\"Kreisfeuerwehrverband\" width=\"200\" height=\"90\" border=\"&quot;0\u2033\" \/><\/a><\/p>\n<p>&nbsp;<\/p>\n","protected":false},"excerpt":{"rendered":"<p>Freiwillige Feuerwehr Pilgerndorf e. V. Vereinszweck ist die Unterst\u00fctzung der Freiwilligen Feuerwehr Pilgerndorf-Sch\u00f6nfeld, insbesondere die Werbung und das Stellen von Einsatzkr\u00e4ften. &nbsp; Postanschrift: Freiwillige Feuerwehr Pilgerndorf e. V. Pilgerndorf 28 96142 Hollfeld &nbsp; E-Mail-Adresse: ff-pilgerndorf@web.de &nbsp; Mitglieder: 51 (Stand 01.01.2026) &nbsp; Vereinsregister: Amtsgericht Bayreuth VR 200 389 &nbsp; Bankverbindung: Raiffeisenbank Fr\u00e4nkische Schweiz eG BIC: GENODEF1HWA [&hellip;]<\/p>\n","protected":false},"author":1,"featured_media":0,"parent":0,"menu_order":0,"comment_status":"closed","ping_status":"closed","template":"","meta":{"site-sidebar-layout":"default","site-content-layout":"default","ast-site-content-layout":"default","site-content-style":"default","site-sidebar-style":"default","ast-global-header-display":"","ast-banner-title-visibility":"","ast-main-header-display":"","ast-hfb-above-header-display":"","ast-hfb-below-header-display":"","ast-hfb-mobile-header-display":"","site-post-title":"","ast-breadcrumbs-content":"","ast-featured-img":"","footer-sml-layout":"","ast-disable-related-posts":"","theme-transparent-header-meta":"default","adv-header-id-meta":"","stick-header-meta":"","header-above-stick-meta":"","header-main-stick-meta":"","header-below-stick-meta":"","astra-migrate-meta-layouts":"set","ast-page-background-enabled":"default","ast-page-background-meta":{"desktop":{"background-color":"","background-image":"","background-repeat":"repeat","background-position":"center center","background-size":"auto","background-attachment":"scroll","background-type":"","background-media":"","overlay-type":"","overlay-color":"","overlay-opacity":"","overlay-gradient":""},"tablet":{"background-color":"","background-image":"","background-repeat":"repeat","background-position":"center center","background-size":"auto","background-attachment":"scroll","background-type":"","background-media":"","overlay-type":"","overlay-color":"","overlay-opacity":"","overlay-gradient":""},"mobile":{"background-color":"","background-image":"","background-repeat":"repeat","background-position":"center center","background-size":"auto","background-attachment":"scroll","background-type":"","background-media":"","overlay-type":"","overlay-color":"","overlay-opacity":"","overlay-gradient":""}},"ast-content-background-meta":{"desktop":{"background-color":"var(--ast-global-color-5)","background-image":"","background-repeat":"repeat","background-position":"center center","background-size":"auto","background-attachment":"scroll","background-type":"","background-media":"","overlay-type":"","overlay-color":"","overlay-opacity":"","overlay-gradient":""},"tablet":{"background-color":"var(--ast-global-color-5)","background-image":"","background-repeat":"repeat","background-position":"center center","background-size":"auto","background-attachment":"scroll","background-type":"","background-media":"","overlay-type":"","overlay-color":"","overlay-opacity":"","overlay-gradient":""},"mobile":{"background-color":"var(--ast-global-color-5)","background-image":"","background-repeat":"repeat","background-position":"center center","background-size":"auto","background-attachment":"scroll","background-type":"","background-media":"","overlay-type":"","overlay-color":"","overlay-opacity":"","overlay-gradient":""}},"footnotes":""},"class_list":["post-86","page","type-page","status-publish","hentry"],"_links":{"self":[{"href":"https:\/\/www.pilgerndorf.de\/index.php\/wp-json\/wp\/v2\/pages\/86","targetHints":{"allow":["GET"]}}],"collection":[{"href":"https:\/\/www.pilgerndorf.de\/index.php\/wp-json\/wp\/v2\/pages"}],"about":[{"href":"https:\/\/www.pilgerndorf.de\/index.php\/wp-json\/wp\/v2\/types\/page"}],"author":[{"embeddable":true,"href":"https:\/\/www.pilgerndorf.de\/index.php\/wp-json\/wp\/v2\/users\/1"}],"replies":[{"embeddable":true,"href":"https:\/\/www.pilgerndorf.de\/index.php\/wp-json\/wp\/v2\/comments?post=86"}],"version-history":[{"count":36,"href":"https:\/\/www.pilgerndorf.de\/index.php\/wp-json\/wp\/v2\/pages\/86\/revisions"}],"predecessor-version":[{"id":816,"href":"https:\/\/www.pilgerndorf.de\/index.php\/wp-json\/wp\/v2\/pages\/86\/revisions\/816"}],"wp:attachment":[{"href":"https:\/\/www.pilgerndorf.de\/index.php\/wp-json\/wp\/v2\/media?parent=86"}],"curies":[{"name":"wp","href":"https:\/\/api.w.org\/{rel}","templated":true}]}}