{"id":80,"date":"2020-02-17T09:49:18","date_gmt":"2020-02-17T08:49:18","guid":{"rendered":"http:\/\/192.168.178.71\/?page_id=80"},"modified":"2026-03-02T18:42:05","modified_gmt":"2026-03-02T17:42:05","slug":"ffw-funktionaere","status":"publish","type":"page","link":"https:\/\/www.pilgerndorf.de\/index.php\/ffw-funktionaere\/","title":{"rendered":"Funktion\u00e4re"},"content":{"rendered":"<h2 style=\"text-align: center;\"><strong>Freiwillige Feuerwehr Pilgerndorf e. V.<\/strong><\/h2>\n<p>&nbsp;<\/p>\n<table style=\"border-collapse: collapse; width: 100%; border-width: 0px;\">\n<tbody>\n<tr>\n<td style=\"width: 35.0%; border-width: 0px;\">1. Vorsitzender:<\/td>\n<td style=\"border-width: 0px;\">Volker Stolbinger<\/td>\n<\/tr>\n<tr>\n<td style=\"width: 35.0%; border-width: 0px;\">2. Vorsitzende:<\/td>\n<td style=\"width: 65.0%; border-width: 0px;\">Anja Fischer<\/td>\n<\/tr>\n<tr>\n<td style=\"width: 35.0%; border-width: 0px;\">Kassier:<\/td>\n<td style=\"width: 65.0%; border-width: 0px;\">Steffen B\u00e4uerlein<\/td>\n<\/tr>\n<tr>\n<td style=\"width: 35.0%; border-width: 0px;\">Schriftf\u00fchrerin:<\/td>\n<td style=\"width: 65.0%; border-width: 0px;\">Lena Reischl<\/td>\n<\/tr>\n<tr>\n<td style=\"width: 35.0%; border-width: 0px;\">Kassenpr\u00fcfer:<\/td>\n<td style=\"width: 65.0%; border-width: 0px;\">Arthur Reischl, Hugo Seeber<\/td>\n<\/tr>\n<tr>\n<td style=\"width: 35.0%; border-width: 0px;\">Beir\u00e4te:<\/td>\n<td style=\"width: 65.0%; border-width: 0px;\">Tobias Kaupper, Arthur Reischl, Yvonne Seeber, Carolin Wolf, Markus Wolf<\/td>\n<\/tr>\n<\/tbody>\n<\/table>\n<p>&nbsp;<\/p>\n","protected":false},"excerpt":{"rendered":"<p>Freiwillige Feuerwehr Pilgerndorf e. V. &nbsp; 1. Vorsitzender: Volker Stolbinger 2. Vorsitzende: Anja Fischer Kassier: Steffen B\u00e4uerlein Schriftf\u00fchrerin: Lena Reischl Kassenpr\u00fcfer: Arthur Reischl, Hugo Seeber Beir\u00e4te: Tobias Kaupper, Arthur Reischl, Yvonne Seeber, Carolin Wolf, Markus Wolf &nbsp;<\/p>\n","protected":false},"author":1,"featured_media":0,"parent":0,"menu_order":0,"comment_status":"closed","ping_status":"closed","template":"","meta":{"site-sidebar-layout":"default","site-content-layout":"default","ast-site-content-layout":"default","site-content-style":"default","site-sidebar-style":"default","ast-global-header-display":"","ast-banner-title-visibility":"","ast-main-header-display":"","ast-hfb-above-header-display":"","ast-hfb-below-header-display":"","ast-hfb-mobile-header-display":"","site-post-title":"","ast-breadcrumbs-content":"","ast-featured-img":"","footer-sml-layout":"","ast-disable-related-posts":"","theme-transparent-header-meta":"default","adv-header-id-meta":"","stick-header-meta":"","header-above-stick-meta":"","header-main-stick-meta":"","header-below-stick-meta":"","astra-migrate-meta-layouts":"set","ast-page-background-enabled":"default","ast-page-background-meta":{"desktop":{"background-color":"","background-image":"","background-repeat":"repeat","background-position":"center center","background-size":"auto","background-attachment":"scroll","background-type":"","background-media":"","overlay-type":"","overlay-color":"","overlay-opacity":"","overlay-gradient":""},"tablet":{"background-color":"","background-image":"","background-repeat":"repeat","background-position":"center center","background-size":"auto","background-attachment":"scroll","background-type":"","background-media":"","overlay-type":"","overlay-color":"","overlay-opacity":"","overlay-gradient":""},"mobile":{"background-color":"","background-image":"","background-repeat":"repeat","background-position":"center center","background-size":"auto","background-attachment":"scroll","background-type":"","background-media":"","overlay-type":"","overlay-color":"","overlay-opacity":"","overlay-gradient":""}},"ast-content-background-meta":{"desktop":{"background-color":"var(--ast-global-color-5)","background-image":"","background-repeat":"repeat","background-position":"center center","background-size":"auto","background-attachment":"scroll","background-type":"","background-media":"","overlay-type":"","overlay-color":"","overlay-opacity":"","overlay-gradient":""},"tablet":{"background-color":"var(--ast-global-color-5)","background-image":"","background-repeat":"repeat","background-position":"center center","background-size":"auto","background-attachment":"scroll","background-type":"","background-media":"","overlay-type":"","overlay-color":"","overlay-opacity":"","overlay-gradient":""},"mobile":{"background-color":"var(--ast-global-color-5)","background-image":"","background-repeat":"repeat","background-position":"center center","background-size":"auto","background-attachment":"scroll","background-type":"","background-media":"","overlay-type":"","overlay-color":"","overlay-opacity":"","overlay-gradient":""}},"footnotes":""},"class_list":["post-80","page","type-page","status-publish","hentry"],"_links":{"self":[{"href":"https:\/\/www.pilgerndorf.de\/index.php\/wp-json\/wp\/v2\/pages\/80","targetHints":{"allow":["GET"]}}],"collection":[{"href":"https:\/\/www.pilgerndorf.de\/index.php\/wp-json\/wp\/v2\/pages"}],"about":[{"href":"https:\/\/www.pilgerndorf.de\/index.php\/wp-json\/wp\/v2\/types\/page"}],"author":[{"embeddable":true,"href":"https:\/\/www.pilgerndorf.de\/index.php\/wp-json\/wp\/v2\/users\/1"}],"replies":[{"embeddable":true,"href":"https:\/\/www.pilgerndorf.de\/index.php\/wp-json\/wp\/v2\/comments?post=80"}],"version-history":[{"count":24,"href":"https:\/\/www.pilgerndorf.de\/index.php\/wp-json\/wp\/v2\/pages\/80\/revisions"}],"predecessor-version":[{"id":817,"href":"https:\/\/www.pilgerndorf.de\/index.php\/wp-json\/wp\/v2\/pages\/80\/revisions\/817"}],"wp:attachment":[{"href":"https:\/\/www.pilgerndorf.de\/index.php\/wp-json\/wp\/v2\/media?parent=80"}],"curies":[{"name":"wp","href":"https:\/\/api.w.org\/{rel}","templated":true}]}}