{"id":752,"date":"2024-04-21T05:40:54","date_gmt":"2024-04-21T03:40:54","guid":{"rendered":"https:\/\/www.pilgerndorf.de\/?page_id=752"},"modified":"2024-04-21T05:46:55","modified_gmt":"2024-04-21T03:46:55","slug":"rauchwarnmelder","status":"publish","type":"page","link":"https:\/\/www.pilgerndorf.de\/index.php\/rauchwarnmelder\/","title":{"rendered":"Rauchwarnmelder retten Leben"},"content":{"rendered":"<p><strong>Wie funktioniert ein Rauchwarnmelder?<\/strong><\/p>\n<p>Der Rauchwarnmelder erkennt Brandrauch und warnt mit einem lauten Alarmton, bevor die Rauchkonzentration im Raum gef\u00e4hrlich wird.<br \/>\nBetrieben wird das Ger\u00e4t entweder \u00fcber Netzstrom, meist aber mit handels\u00fcblichen Batterien bzw. Langzeitbatterien.<\/p>\n<p><strong><br \/>\nWie sieht die gesetzliche Regelung aus?<\/strong><\/p>\n<p>\u00bbIn Wohnungen m\u00fcssen Schlafr\u00e4ume und Kinderzimmer sowie Flure, die zu Aufenthaltsr\u00e4umen f\u00fchren, jeweils mindestens einen Rauchwarnmelder haben. Die Rauchwarnmelder m\u00fcssen so eingebaut oder angebracht und betrieben werden, dass Brandrauch fr\u00fchzeitig erkannt und gemeldet wird.<br \/>\nDie Eigent\u00fcmer vorhandener Wohnungen sind verpflichtet, jede Wohnung bis zum 31. Dezember 2017 entsprechend auszustatten. Die Sicherstellung der Betriebsbereitschaft obliegt den unmittelbaren Besitzern, es sei denn, der Eigent\u00fcmer \u00fcbernimmt diese Verpflichtung selbst.\u00ab (Bayerische Bauordnung)<\/p>\n<p><strong><br \/>\nWie und wo installieren Sie Rauchwarnmelder?<\/strong><\/p>\n<p>Die Montage ist einfach. Sie brauchen keine Fachkraft dazu.<br \/>\nRauchwarnmelder geh\u00f6ren an die Zimmerdecke. Da sammelt sich Brandrauch zuerst.<br \/>\nBringen Sie den Rauchwarnmelder m\u00f6glichst in der Raummitte, in jedem Fall aber 50 cm von der Wand entfernt an.<br \/>\nRauchwarnmelder sind einfach mit Schrauben, D\u00fcbeln oder Spezialklebstoff zu montieren.<br \/>\nDie Ger\u00e4tehersteller liefern n\u00e4here Informationen zusammen mit dem Rauchwarnmelder.<\/p>\n<p><u>Wichtig:<\/u><br \/>\nBei Mietwohnungen muss der Mieter darauf achten, dass der Rauchwarnmelder seine Funktion erf\u00fcllen kann. Das Ger\u00e4t darf zum Beispiel nicht von M\u00f6beln und Pflanzen verdeckt, \u00fcberstrichen oder \u00fcberklebt werden. Stellt der Mieter fest, dass der Rauchwarnmelder nicht mehr funktionst\u00fcchtig ist, hat er den Vermieter dar\u00fcber zu informieren.<\/p>\n<p><strong><br \/>\nIn welchen Zimmern montieren Sie Rauchwarnmelder?<\/strong><\/p>\n<p>Gesetzlich vorgeschriebene Mindestausstattung:<br \/>\nJe ein Rauchwarnmelder in Schlafzimmern und Kinderzimmern.<br \/>\nRauchmelder sind besonders wichtig, wo Personen schlafen.<br \/>\nJe ein Rauchwarnmelder in Fluren innerhalb der Wohnung.<br \/>\nBei Einfamilienh\u00e4usern kann das zum Beispiel der Bereich der Treppe sein.<\/p>\n<p>Optimale zus\u00e4tzliche Ausstattung:<br \/>\nEin Rauchwarnmelder in der K\u00fcche.<br \/>\nRund 30 % der Wohnungsbr\u00e4nde entstehen in der K\u00fcche. Achten Sie auf ein geeignetes Ger\u00e4t, sonst k\u00f6nnen Kochd\u00e4mpfe Fehlalarm ausl\u00f6sen.<br \/>\nRauchwarnmelder in den anderen Wohnr\u00e4umen, in Werkr\u00e4umen, Hauswirtschaftsr\u00e4umen und R\u00e4umen, in denen eine Brandentstehung denkbar ist.<\/p>\n<p><strong>Was soll man beim Kauf beachten?<\/strong><br \/>\nAchten Sie auf die CE-Kennzeichnung entsprechend der DIN EN 14604. Nur solche Rauchwarnmelder d\u00fcrfen in Deutschland verkauft und gehandelt werden.<br \/>\nF\u00fcr Menschen, die den Alarm der Rauchwarnmelder nicht oder nur schlecht h\u00f6ren, k\u00f6nnen die Ger\u00e4te mit Lichtsignalanlagen und R\u00fcttelkissen verbunden werden.<\/p>\n<p><u>Wichtig:<\/u><br \/>\nRauchwarnmelder k\u00f6nnen keine Br\u00e4nde verh\u00fcten. Sie k\u00f6nnen sie aber fr\u00fchzeitig erkennen und melden.<\/p>\n<p><strong><br \/>\nWas kann man vorbeugend gegen Br\u00e4nde tun?<\/strong><\/p>\n<ul>\n<li>Niemals im Bett rauchen<\/li>\n<li>Zigaretten oder Kippen nur in feuerfesten Beh\u00e4ltnissen ablegen<\/li>\n<li>Kerzen nie unbeaufsichtigt lassen<\/li>\n<li>Elektroger\u00e4te, die beim Betrieb W\u00e4rme entwickeln, nur so aufstellen wie in den Betriebsanleitungen beschrieben \u2013 L\u00fcftungs\u00f6ffnungen freihalten<\/li>\n<li>Eingeschaltete Elektroger\u00e4te wie B\u00fcgeleisen, Herd, Toaster, Heizdecken, Kaffeemaschinen, Fernseher und \u00c4hnliches nie unbeaufsichtigt lassen<\/li>\n<li>Brennendes Fett (z. B. in Pfanne oder Fondue-Topf) nie mit Wasser l\u00f6schen, sondern mit Deckel, L\u00f6sch- oder Wolldecke ersticken \u2013 keine Kunstfaserdecke verwenden!<\/li>\n<li>Defekte Elektro- und Gasger\u00e4te nur von Fachbetrieben reparieren lassen<\/li>\n<li>Keine brennbaren Gegenst\u00e4nde in der N\u00e4he von Elektro- und Gasheizungen oder Kachel\u00f6fen ablegen<\/li>\n<li>Z\u00fcndh\u00f6lzer und Feuerzeuge kindersicher verwahren<\/li>\n<\/ul>\n<p><strong><br \/>\nWas tun, wenn es brennt?<\/strong><\/p>\n<ul>\n<li>Ruhe bewahren<\/li>\n<li>Sofort verrauchten Bereich verlassen<\/li>\n<li>Fenster und T\u00fcren schlie\u00dfen (sonst breitet sich der Rauch weiter aus)<\/li>\n<li>Kinder und Mitbewohner ins Freie bringen Feuerwehr anrufen \u2013 Notruf 112<\/li>\n<li>Bei der Feuerwehr Name, Adresse und Brandsituation angeben<\/li>\n<li>Nur wenn f\u00fcr Sie keine Gefahr besteht: Wohnungsschl\u00fcssel und Mobiltelefon mitnehmen<\/li>\n<li>Wohnungst\u00fcr schlie\u00dfen<\/li>\n<li>Andere Hausbewohner warnen<\/li>\n<\/ul>\n<p><strong>Wo erf\u00e4hrt man mehr?<\/strong><\/p>\n<p>Haben Sie weitere Fragen zum Thema \u00bbRauchwarnmelder\u00ab, informieren Sie sich im Internet unter:<br \/>\n<a href=\"https:\/\/www.rauchmelder-lebensretter.de\/\">https:\/\/www.rauchmelder-lebensretter.de\/<\/a><\/p>\n","protected":false},"excerpt":{"rendered":"<p>Wie funktioniert ein Rauchwarnmelder? Der Rauchwarnmelder erkennt Brandrauch und warnt mit einem lauten Alarmton, bevor die Rauchkonzentration im Raum gef\u00e4hrlich wird. Betrieben wird das Ger\u00e4t entweder \u00fcber Netzstrom, meist aber mit handels\u00fcblichen Batterien bzw. Langzeitbatterien. Wie sieht die gesetzliche Regelung aus? \u00bbIn Wohnungen m\u00fcssen Schlafr\u00e4ume und Kinderzimmer sowie Flure, die zu Aufenthaltsr\u00e4umen f\u00fchren, jeweils mindestens [&hellip;]<\/p>\n","protected":false},"author":1,"featured_media":0,"parent":0,"menu_order":0,"comment_status":"closed","ping_status":"closed","template":"","meta":{"site-sidebar-layout":"default","site-content-layout":"","ast-site-content-layout":"default","site-content-style":"default","site-sidebar-style":"default","ast-global-header-display":"","ast-banner-title-visibility":"","ast-main-header-display":"","ast-hfb-above-header-display":"","ast-hfb-below-header-display":"","ast-hfb-mobile-header-display":"","site-post-title":"","ast-breadcrumbs-content":"","ast-featured-img":"","footer-sml-layout":"","ast-disable-related-posts":"","theme-transparent-header-meta":"default","adv-header-id-meta":"","stick-header-meta":"","header-above-stick-meta":"","header-main-stick-meta":"","header-below-stick-meta":"","astra-migrate-meta-layouts":"set","ast-page-background-enabled":"default","ast-page-background-meta":{"desktop":{"background-color":"","background-image":"","background-repeat":"repeat","background-position":"center center","background-size":"auto","background-attachment":"scroll","background-type":"","background-media":"","overlay-type":"","overlay-color":"","overlay-opacity":"","overlay-gradient":""},"tablet":{"background-color":"","background-image":"","background-repeat":"repeat","background-position":"center center","background-size":"auto","background-attachment":"scroll","background-type":"","background-media":"","overlay-type":"","overlay-color":"","overlay-opacity":"","overlay-gradient":""},"mobile":{"background-color":"","background-image":"","background-repeat":"repeat","background-position":"center center","background-size":"auto","background-attachment":"scroll","background-type":"","background-media":"","overlay-type":"","overlay-color":"","overlay-opacity":"","overlay-gradient":""}},"ast-content-background-meta":{"desktop":{"background-color":"var(--ast-global-color-5)","background-image":"","background-repeat":"repeat","background-position":"center center","background-size":"auto","background-attachment":"scroll","background-type":"","background-media":"","overlay-type":"","overlay-color":"","overlay-opacity":"","overlay-gradient":""},"tablet":{"background-color":"var(--ast-global-color-5)","background-image":"","background-repeat":"repeat","background-position":"center center","background-size":"auto","background-attachment":"scroll","background-type":"","background-media":"","overlay-type":"","overlay-color":"","overlay-opacity":"","overlay-gradient":""},"mobile":{"background-color":"var(--ast-global-color-5)","background-image":"","background-repeat":"repeat","background-position":"center center","background-size":"auto","background-attachment":"scroll","background-type":"","background-media":"","overlay-type":"","overlay-color":"","overlay-opacity":"","overlay-gradient":""}},"footnotes":""},"class_list":["post-752","page","type-page","status-publish","hentry"],"_links":{"self":[{"href":"https:\/\/www.pilgerndorf.de\/index.php\/wp-json\/wp\/v2\/pages\/752","targetHints":{"allow":["GET"]}}],"collection":[{"href":"https:\/\/www.pilgerndorf.de\/index.php\/wp-json\/wp\/v2\/pages"}],"about":[{"href":"https:\/\/www.pilgerndorf.de\/index.php\/wp-json\/wp\/v2\/types\/page"}],"author":[{"embeddable":true,"href":"https:\/\/www.pilgerndorf.de\/index.php\/wp-json\/wp\/v2\/users\/1"}],"replies":[{"embeddable":true,"href":"https:\/\/www.pilgerndorf.de\/index.php\/wp-json\/wp\/v2\/comments?post=752"}],"version-history":[{"count":4,"href":"https:\/\/www.pilgerndorf.de\/index.php\/wp-json\/wp\/v2\/pages\/752\/revisions"}],"predecessor-version":[{"id":761,"href":"https:\/\/www.pilgerndorf.de\/index.php\/wp-json\/wp\/v2\/pages\/752\/revisions\/761"}],"wp:attachment":[{"href":"https:\/\/www.pilgerndorf.de\/index.php\/wp-json\/wp\/v2\/media?parent=752"}],"curies":[{"name":"wp","href":"https:\/\/api.w.org\/{rel}","templated":true}]}}