{"id":750,"date":"2024-04-21T05:40:53","date_gmt":"2024-04-21T03:40:53","guid":{"rendered":"https:\/\/www.pilgerndorf.de\/?page_id=750"},"modified":"2024-04-21T05:43:04","modified_gmt":"2024-04-21T03:43:04","slug":"feuerwehr-lernbar","status":"publish","type":"page","link":"https:\/\/www.pilgerndorf.de\/index.php\/feuerwehr-lernbar\/","title":{"rendered":"Feuerwehr-Lernbar"},"content":{"rendered":"<p><img loading=\"lazy\" decoding=\"async\" class=\"size-full wp-image-744 aligncenter\" src=\"https:\/\/www.pilgerndorf.de\/wp-content\/uploads\/2024\/04\/feuerwehr-lernbar.jpg\" alt=\"\" width=\"384\" height=\"80\" srcset=\"https:\/\/www.pilgerndorf.de\/wp-content\/uploads\/2024\/04\/feuerwehr-lernbar.jpg 384w, https:\/\/www.pilgerndorf.de\/wp-content\/uploads\/2024\/04\/feuerwehr-lernbar-300x63.jpg 300w\" sizes=\"auto, (max-width: 384px) 100vw, 384px\" \/><\/p>\n<p>Die Inhalte der Lernbar k\u00f6nnen \u00fcber vier gro\u00dfe Kategorien abgerufen werden.<\/p>\n<p>Der Bereich \u201eLexikon\u201c ist alphabetisch sortiert und bietet zu einer Vielzahl von Fachbegriffen, kurze Erl\u00e4uterungen und Beschreibungen. Viele Begriffe sind mit Links zu vertiefenden Informationen best\u00fcckt.<\/p>\n<p>Die Kategorie \u201eDownload\u201c erlaubt die direkte Ansicht sowie das Abrufen und Speichern von Lehrunterlagen auf dem eigenen PC bzw. Smartphone.<\/p>\n<p>In der \u201eMediathek\u201c sind ausgew\u00e4hlte Filme hinterlegt, die die korrekte Handhabung von Ger\u00e4tschaften, richtiges Verhalten in bestimmten Situationen und hilfreiche Inhalte f\u00fcr den Feuerwehrmann zeigen. Die Mediathek stellt somit f\u00fcr die bayerischen Feuerwehren zertifiziertes Wissen dar.<\/p>\n<p>In der Kategorie \u201eE-Learning\u201c sind Anwendungen hinterlegt, die es dem Nutzer erm\u00f6glichen sich Wissen zum Thema Feuerwehr auf spielerische Art und Weise anzueignen.<\/p>\n<p>Hier gelangt ihr direkt zur Feuerwehr-Lernbar der staatlichen Feuerwehrschulen des Freistaates Bayern:<\/p>\n<p style=\"text-align: center;\"><a href=\"https:\/\/www.feuerwehr-lernbar.bayern\/home\/\">https:\/\/www.feuerwehr-lernbar.bayern\/home\/<\/a><\/p>\n","protected":false},"excerpt":{"rendered":"<p>Die Inhalte der Lernbar k\u00f6nnen \u00fcber vier gro\u00dfe Kategorien abgerufen werden. Der Bereich \u201eLexikon\u201c ist alphabetisch sortiert und bietet zu einer Vielzahl von Fachbegriffen, kurze Erl\u00e4uterungen und Beschreibungen. Viele Begriffe sind mit Links zu vertiefenden Informationen best\u00fcckt. Die Kategorie \u201eDownload\u201c erlaubt die direkte Ansicht sowie das Abrufen und Speichern von Lehrunterlagen auf dem eigenen PC [&hellip;]<\/p>\n","protected":false},"author":1,"featured_media":0,"parent":0,"menu_order":0,"comment_status":"closed","ping_status":"closed","template":"","meta":{"site-sidebar-layout":"default","site-content-layout":"","ast-site-content-layout":"default","site-content-style":"default","site-sidebar-style":"default","ast-global-header-display":"","ast-banner-title-visibility":"","ast-main-header-display":"","ast-hfb-above-header-display":"","ast-hfb-below-header-display":"","ast-hfb-mobile-header-display":"","site-post-title":"","ast-breadcrumbs-content":"","ast-featured-img":"","footer-sml-layout":"","ast-disable-related-posts":"","theme-transparent-header-meta":"default","adv-header-id-meta":"","stick-header-meta":"","header-above-stick-meta":"","header-main-stick-meta":"","header-below-stick-meta":"","astra-migrate-meta-layouts":"set","ast-page-background-enabled":"default","ast-page-background-meta":{"desktop":{"background-color":"","background-image":"","background-repeat":"repeat","background-position":"center center","background-size":"auto","background-attachment":"scroll","background-type":"","background-media":"","overlay-type":"","overlay-color":"","overlay-opacity":"","overlay-gradient":""},"tablet":{"background-color":"","background-image":"","background-repeat":"repeat","background-position":"center center","background-size":"auto","background-attachment":"scroll","background-type":"","background-media":"","overlay-type":"","overlay-color":"","overlay-opacity":"","overlay-gradient":""},"mobile":{"background-color":"","background-image":"","background-repeat":"repeat","background-position":"center center","background-size":"auto","background-attachment":"scroll","background-type":"","background-media":"","overlay-type":"","overlay-color":"","overlay-opacity":"","overlay-gradient":""}},"ast-content-background-meta":{"desktop":{"background-color":"var(--ast-global-color-5)","background-image":"","background-repeat":"repeat","background-position":"center center","background-size":"auto","background-attachment":"scroll","background-type":"","background-media":"","overlay-type":"","overlay-color":"","overlay-opacity":"","overlay-gradient":""},"tablet":{"background-color":"var(--ast-global-color-5)","background-image":"","background-repeat":"repeat","background-position":"center center","background-size":"auto","background-attachment":"scroll","background-type":"","background-media":"","overlay-type":"","overlay-color":"","overlay-opacity":"","overlay-gradient":""},"mobile":{"background-color":"var(--ast-global-color-5)","background-image":"","background-repeat":"repeat","background-position":"center center","background-size":"auto","background-attachment":"scroll","background-type":"","background-media":"","overlay-type":"","overlay-color":"","overlay-opacity":"","overlay-gradient":""}},"footnotes":""},"class_list":["post-750","page","type-page","status-publish","hentry"],"_links":{"self":[{"href":"https:\/\/www.pilgerndorf.de\/index.php\/wp-json\/wp\/v2\/pages\/750","targetHints":{"allow":["GET"]}}],"collection":[{"href":"https:\/\/www.pilgerndorf.de\/index.php\/wp-json\/wp\/v2\/pages"}],"about":[{"href":"https:\/\/www.pilgerndorf.de\/index.php\/wp-json\/wp\/v2\/types\/page"}],"author":[{"embeddable":true,"href":"https:\/\/www.pilgerndorf.de\/index.php\/wp-json\/wp\/v2\/users\/1"}],"replies":[{"embeddable":true,"href":"https:\/\/www.pilgerndorf.de\/index.php\/wp-json\/wp\/v2\/comments?post=750"}],"version-history":[{"count":3,"href":"https:\/\/www.pilgerndorf.de\/index.php\/wp-json\/wp\/v2\/pages\/750\/revisions"}],"predecessor-version":[{"id":758,"href":"https:\/\/www.pilgerndorf.de\/index.php\/wp-json\/wp\/v2\/pages\/750\/revisions\/758"}],"wp:attachment":[{"href":"https:\/\/www.pilgerndorf.de\/index.php\/wp-json\/wp\/v2\/media?parent=750"}],"curies":[{"name":"wp","href":"https:\/\/api.w.org\/{rel}","templated":true}]}}