{"id":707,"date":"2024-01-21T14:44:36","date_gmt":"2024-01-21T13:44:36","guid":{"rendered":"https:\/\/www.pilgerndorf.de\/?page_id=707"},"modified":"2024-01-21T15:10:18","modified_gmt":"2024-01-21T14:10:18","slug":"anmeldung-von-nutzfeuern","status":"publish","type":"page","link":"https:\/\/www.pilgerndorf.de\/index.php\/anmeldung-von-nutzfeuern\/","title":{"rendered":"Anmeldung von Nutzfeuern"},"content":{"rendered":"<p>Zu allgemeinen Dienstzeiten sind Nutzfeuer (z. B. Reisigfeuer, Festfeuer, usw&#8230;) bei der Verwaltungsgemeinschaft Hollfeld (Telefonnummer 09274 \/ 980-0 oder unter <a href=\"http:\/\/www.hollfeld.de\">www.hollfeld.de<\/a> =&gt; B\u00fcrgerservice und Politik =&gt; Rathaus =&gt; Was erledige ich wo =&gt; Feuer im Freien; Beantragung einer Ausnahmegenehmigung) anzumelden und genehmigen zu lassen.<\/p>\n<p>Eine durch Nichtanmeldung verursachte Alarmierung der Feuerwehr verursacht hohe Kosten, welche vom Verursacher zu tragen sind!<\/p>\n<p>F\u00fcr Anmeldung von Feuern sind immer folgende Angaben erforderlich:<\/p>\n<ul>\n<li>Name vom Betreiber des Feuers mit Anschrift und Telefonnummer (Rufnummer, die w\u00e4hrend der Brenndauer auch erreichbar ist!)<\/li>\n<li>Art des Feuers (Festfeuer, Johannisfeuer, Kamin ausbrennen, Mottfeuer, Nutzfeuer, Raumfeuer, Reisigfeuer)<\/li>\n<li>Standort des geplanten Feuers (Lageplan, Flurnummer oder postalische Bezeichnung)<\/li>\n<li>Tag und Dauer des Feuers (Datum mit Uhrzeit von &#8211; bis)<\/li>\n<\/ul>\n<p>Die genannten Daten sind zur sicheren Erfassung des Nutzfeuers notwendig.<\/p>\n<p>Ist eine Anmeldung erfolgt, wird die Integrierte Leitstelle (ILS) von der Gemeinde \u00fcber Ort und Uhrzeit des Feuers, sowie die Erreichbarkeit des Ansprechpartners informiert.<\/p>\n<p>Immer dann, wenn ein Feuerschein oder eine Rauchentwicklung \u00fcber den Notruf 112 an die Integrierte Leitstelle gemeldet wird, erfolgt ein kurzer Abgleich mit den an die ILS gemeldeten Feuern und ein R\u00fcckruf beim jeweiligen eingetragenen Verantwortlichen. Ist dieser nicht erreichbar oder l\u00e4sst die Notrufmeldung Restzweifel bei der \u00dcbereinstimmung der Meldedaten, erfolgt die Alarmierung der zust\u00e4ndigen Feuerwehr.<\/p>\n<p><u>Bitte beachten Sie weiterhin folgende Hinweise:<\/u><\/p>\n<p>Sorgen Sie daf\u00fcr, dass ein Verantwortlicher f\u00fcr das Feuer w\u00e4hrend der Brenndauer telefonisch erreichbar ist, damit gegebenenfalls R\u00fccksprache gehalten werden kann. Dies ist unbedingt erforderlich, da die Alarmierung der Feuerwehr im Zweifelsfall immer dann erfolgt, wenn bei einer Notrufmeldung nicht mit absoluter Sicherheit ausgeschlossen werden kann, dass es sich bei dem angemeldeten Feuer um den im Notrufgespr\u00e4ch mitgeteilten Feuerschein bzw. die zugeh\u00f6rige Rauchentwicklung, oder um einen Irrtum des Meldenden handelt.<\/p>\n<p>Bei starkem Wind ist die Feuerstelle unverz\u00fcglich abzul\u00f6schen! Stellen Sie sicher, dass nach dem Abbrand Feuer und Glut fachgerecht abgel\u00f6scht wurden.<\/p>\n<p>Innerhalb bebauter Ortsteile ist das Abbrennen eines Nutzfeuers generell verboten.<\/p>\n<p>Nur au\u00dferhalb der Dienstzeiten und in begr\u00fcndeten Ausnahmef\u00e4llen kann eine Bekanntgabe eines Feuers ausnahmsweise direkt bei der Integrierten Leitstelle Bayreuth &#8211; Kulmbach (ILS) unter 0921 \/ 79321-200 erfolgen.<\/p>\n","protected":false},"excerpt":{"rendered":"<p>Zu allgemeinen Dienstzeiten sind Nutzfeuer (z. B. Reisigfeuer, Festfeuer, usw&#8230;) bei der Verwaltungsgemeinschaft Hollfeld (Telefonnummer 09274 \/ 980-0 oder unter www.hollfeld.de =&gt; B\u00fcrgerservice und Politik =&gt; Rathaus =&gt; Was erledige ich wo =&gt; Feuer im Freien; Beantragung einer Ausnahmegenehmigung) anzumelden und genehmigen zu lassen. Eine durch Nichtanmeldung verursachte Alarmierung der Feuerwehr verursacht hohe Kosten, welche [&hellip;]<\/p>\n","protected":false},"author":1,"featured_media":0,"parent":0,"menu_order":0,"comment_status":"closed","ping_status":"closed","template":"","meta":{"site-sidebar-layout":"default","site-content-layout":"","ast-site-content-layout":"default","site-content-style":"default","site-sidebar-style":"default","ast-global-header-display":"","ast-banner-title-visibility":"","ast-main-header-display":"","ast-hfb-above-header-display":"","ast-hfb-below-header-display":"","ast-hfb-mobile-header-display":"","site-post-title":"","ast-breadcrumbs-content":"","ast-featured-img":"","footer-sml-layout":"","ast-disable-related-posts":"","theme-transparent-header-meta":"default","adv-header-id-meta":"","stick-header-meta":"","header-above-stick-meta":"","header-main-stick-meta":"","header-below-stick-meta":"","astra-migrate-meta-layouts":"set","ast-page-background-enabled":"default","ast-page-background-meta":{"desktop":{"background-color":"","background-image":"","background-repeat":"repeat","background-position":"center center","background-size":"auto","background-attachment":"scroll","background-type":"","background-media":"","overlay-type":"","overlay-color":"","overlay-opacity":"","overlay-gradient":""},"tablet":{"background-color":"","background-image":"","background-repeat":"repeat","background-position":"center center","background-size":"auto","background-attachment":"scroll","background-type":"","background-media":"","overlay-type":"","overlay-color":"","overlay-opacity":"","overlay-gradient":""},"mobile":{"background-color":"","background-image":"","background-repeat":"repeat","background-position":"center center","background-size":"auto","background-attachment":"scroll","background-type":"","background-media":"","overlay-type":"","overlay-color":"","overlay-opacity":"","overlay-gradient":""}},"ast-content-background-meta":{"desktop":{"background-color":"var(--ast-global-color-5)","background-image":"","background-repeat":"repeat","background-position":"center center","background-size":"auto","background-attachment":"scroll","background-type":"","background-media":"","overlay-type":"","overlay-color":"","overlay-opacity":"","overlay-gradient":""},"tablet":{"background-color":"var(--ast-global-color-5)","background-image":"","background-repeat":"repeat","background-position":"center center","background-size":"auto","background-attachment":"scroll","background-type":"","background-media":"","overlay-type":"","overlay-color":"","overlay-opacity":"","overlay-gradient":""},"mobile":{"background-color":"var(--ast-global-color-5)","background-image":"","background-repeat":"repeat","background-position":"center center","background-size":"auto","background-attachment":"scroll","background-type":"","background-media":"","overlay-type":"","overlay-color":"","overlay-opacity":"","overlay-gradient":""}},"footnotes":""},"class_list":["post-707","page","type-page","status-publish","hentry"],"_links":{"self":[{"href":"https:\/\/www.pilgerndorf.de\/index.php\/wp-json\/wp\/v2\/pages\/707","targetHints":{"allow":["GET"]}}],"collection":[{"href":"https:\/\/www.pilgerndorf.de\/index.php\/wp-json\/wp\/v2\/pages"}],"about":[{"href":"https:\/\/www.pilgerndorf.de\/index.php\/wp-json\/wp\/v2\/types\/page"}],"author":[{"embeddable":true,"href":"https:\/\/www.pilgerndorf.de\/index.php\/wp-json\/wp\/v2\/users\/1"}],"replies":[{"embeddable":true,"href":"https:\/\/www.pilgerndorf.de\/index.php\/wp-json\/wp\/v2\/comments?post=707"}],"version-history":[{"count":5,"href":"https:\/\/www.pilgerndorf.de\/index.php\/wp-json\/wp\/v2\/pages\/707\/revisions"}],"predecessor-version":[{"id":714,"href":"https:\/\/www.pilgerndorf.de\/index.php\/wp-json\/wp\/v2\/pages\/707\/revisions\/714"}],"wp:attachment":[{"href":"https:\/\/www.pilgerndorf.de\/index.php\/wp-json\/wp\/v2\/media?parent=707"}],"curies":[{"name":"wp","href":"https:\/\/api.w.org\/{rel}","templated":true}]}}