{"id":175,"date":"2020-02-22T13:19:33","date_gmt":"2020-02-22T12:19:33","guid":{"rendered":"http:\/\/192.168.178.71\/?page_id=175"},"modified":"2020-04-26T11:31:29","modified_gmt":"2020-04-26T09:31:29","slug":"freies-wlan","status":"publish","type":"page","link":"https:\/\/www.pilgerndorf.de\/index.php\/freies-wlan\/","title":{"rendered":"Freies WLAN"},"content":{"rendered":"<p>An der <b>Pilgerndorfer Bushaltestelle<\/b> ist seit September 2018 <b>freies WLAN<\/b> verf\u00fcgbar.<br \/>\nZu finden ist des Netzwerk unter der SSID <b>&#8222;freifunk.fschweiz.nord&#8220;.<\/b> Es wird <u>kein Kennwort<\/u> f\u00fcr den Zugang ben\u00f6tigt.<br \/>\nGeschwindigkeiten von bis zu 20 MBit\/s sind m\u00f6glich.<\/p>\n<p><img loading=\"lazy\" decoding=\"async\" class=\"alignnone size-full wp-image-405\" src=\"https:\/\/www.pilgerndorf.de\/wp-content\/uploads\/2020\/03\/TL-WR1043ND-01_k.jpg\" alt=\"\" width=\"400\" height=\"300\" srcset=\"https:\/\/www.pilgerndorf.de\/wp-content\/uploads\/2020\/03\/TL-WR1043ND-01_k.jpg 400w, https:\/\/www.pilgerndorf.de\/wp-content\/uploads\/2020\/03\/TL-WR1043ND-01_k-300x225.jpg 300w\" sizes=\"auto, (max-width: 400px) 100vw, 400px\" \/><br \/>\nDer Access Point daf\u00fcr ist ein TP-Link TL-WR1043ND V4.<\/p>\n<p><a href=\"http:\/\/franken.freifunk.net\" target=\"_blank\" rel=\"noopener noreferrer\"><img loading=\"lazy\" decoding=\"async\" class=\"alignnone size-full wp-image-406\" src=\"https:\/\/www.pilgerndorf.de\/wp-content\/uploads\/2020\/03\/franken.freifunk.net_k.jpg\" alt=\"\" width=\"300\" height=\"322\" srcset=\"https:\/\/www.pilgerndorf.de\/wp-content\/uploads\/2020\/03\/franken.freifunk.net_k.jpg 300w, https:\/\/www.pilgerndorf.de\/wp-content\/uploads\/2020\/03\/franken.freifunk.net_k-280x300.jpg 280w\" sizes=\"auto, (max-width: 300px) 100vw, 300px\" \/><\/a><br \/>\nDie daf\u00fcr ben\u00f6tigte Software l\u00e4uft \u00fcber <a href=\"https:\/\/wiki.freifunk-franken.de\/\" target=\"_blank\" rel=\"noopener noreferrer\">Freifunk Franken<\/a>.<\/p>\n<p>Aktuelle Daten zum Pilgerndorfer Router k\u00f6nnen unter folgendem Link eingesehen werden:<br \/>\n<a href=\"https:\/\/monitoring.freifunk-franken.de\/mac\/8416f97b7e64\" target=\"_blank\" rel=\"noopener noreferrer\">https:\/\/monitoring.freifunk-franken.de\/mac\/8416f97b7e64<\/a><\/p>\n","protected":false},"excerpt":{"rendered":"<p>An der Pilgerndorfer Bushaltestelle ist seit September 2018 freies WLAN verf\u00fcgbar. Zu finden ist des Netzwerk unter der SSID &#8222;freifunk.fschweiz.nord&#8220;. Es wird kein Kennwort f\u00fcr den Zugang ben\u00f6tigt. Geschwindigkeiten von bis zu 20 MBit\/s sind m\u00f6glich. Der Access Point daf\u00fcr ist ein TP-Link TL-WR1043ND V4. Die daf\u00fcr ben\u00f6tigte Software l\u00e4uft \u00fcber Freifunk Franken. Aktuelle Daten [&hellip;]<\/p>\n","protected":false},"author":1,"featured_media":0,"parent":0,"menu_order":0,"comment_status":"closed","ping_status":"closed","template":"","meta":{"site-sidebar-layout":"default","site-content-layout":"default","ast-site-content-layout":"default","site-content-style":"default","site-sidebar-style":"default","ast-global-header-display":"","ast-banner-title-visibility":"","ast-main-header-display":"","ast-hfb-above-header-display":"","ast-hfb-below-header-display":"","ast-hfb-mobile-header-display":"","site-post-title":"","ast-breadcrumbs-content":"","ast-featured-img":"","footer-sml-layout":"","ast-disable-related-posts":"","theme-transparent-header-meta":"default","adv-header-id-meta":"","stick-header-meta":"","header-above-stick-meta":"","header-main-stick-meta":"","header-below-stick-meta":"","astra-migrate-meta-layouts":"default","ast-page-background-enabled":"default","ast-page-background-meta":{"desktop":{"background-color":"","background-image":"","background-repeat":"repeat","background-position":"center center","background-size":"auto","background-attachment":"scroll","background-type":"","background-media":"","overlay-type":"","overlay-color":"","overlay-opacity":"","overlay-gradient":""},"tablet":{"background-color":"","background-image":"","background-repeat":"repeat","background-position":"center center","background-size":"auto","background-attachment":"scroll","background-type":"","background-media":"","overlay-type":"","overlay-color":"","overlay-opacity":"","overlay-gradient":""},"mobile":{"background-color":"","background-image":"","background-repeat":"repeat","background-position":"center center","background-size":"auto","background-attachment":"scroll","background-type":"","background-media":"","overlay-type":"","overlay-color":"","overlay-opacity":"","overlay-gradient":""}},"ast-content-background-meta":{"desktop":{"background-color":"var(--ast-global-color-5)","background-image":"","background-repeat":"repeat","background-position":"center center","background-size":"auto","background-attachment":"scroll","background-type":"","background-media":"","overlay-type":"","overlay-color":"","overlay-opacity":"","overlay-gradient":""},"tablet":{"background-color":"var(--ast-global-color-5)","background-image":"","background-repeat":"repeat","background-position":"center center","background-size":"auto","background-attachment":"scroll","background-type":"","background-media":"","overlay-type":"","overlay-color":"","overlay-opacity":"","overlay-gradient":""},"mobile":{"background-color":"var(--ast-global-color-5)","background-image":"","background-repeat":"repeat","background-position":"center center","background-size":"auto","background-attachment":"scroll","background-type":"","background-media":"","overlay-type":"","overlay-color":"","overlay-opacity":"","overlay-gradient":""}},"footnotes":""},"class_list":["post-175","page","type-page","status-publish","hentry"],"_links":{"self":[{"href":"https:\/\/www.pilgerndorf.de\/index.php\/wp-json\/wp\/v2\/pages\/175","targetHints":{"allow":["GET"]}}],"collection":[{"href":"https:\/\/www.pilgerndorf.de\/index.php\/wp-json\/wp\/v2\/pages"}],"about":[{"href":"https:\/\/www.pilgerndorf.de\/index.php\/wp-json\/wp\/v2\/types\/page"}],"author":[{"embeddable":true,"href":"https:\/\/www.pilgerndorf.de\/index.php\/wp-json\/wp\/v2\/users\/1"}],"replies":[{"embeddable":true,"href":"https:\/\/www.pilgerndorf.de\/index.php\/wp-json\/wp\/v2\/comments?post=175"}],"version-history":[{"count":24,"href":"https:\/\/www.pilgerndorf.de\/index.php\/wp-json\/wp\/v2\/pages\/175\/revisions"}],"predecessor-version":[{"id":455,"href":"https:\/\/www.pilgerndorf.de\/index.php\/wp-json\/wp\/v2\/pages\/175\/revisions\/455"}],"wp:attachment":[{"href":"https:\/\/www.pilgerndorf.de\/index.php\/wp-json\/wp\/v2\/media?parent=175"}],"curies":[{"name":"wp","href":"https:\/\/api.w.org\/{rel}","templated":true}]}}