{"id":129,"date":"2020-02-21T10:22:48","date_gmt":"2020-02-21T09:22:48","guid":{"rendered":"http:\/\/192.168.178.71\/?page_id=129"},"modified":"2020-03-02T12:13:03","modified_gmt":"2020-03-02T11:13:03","slug":"ffw-mitgliedschaft","status":"publish","type":"page","link":"https:\/\/www.pilgerndorf.de\/index.php\/ffw-mitgliedschaft\/","title":{"rendered":"Mitgliedschaft"},"content":{"rendered":"<h5><img loading=\"lazy\" decoding=\"async\" class=\"size-full wp-image-130 aligncenter\" src=\"https:\/\/www.pilgerndorf.de\/wp-content\/uploads\/2020\/02\/feuermelder.jpg\" alt=\"\" width=\"250\" height=\"250\" \/><\/h5>\n<h2 style=\"text-align: center;\">Stell&#8216; dir vor du dr\u00fcckst und alle dr\u00fccken sich.<\/h2>\n<h1 style=\"text-align: center;\"><strong>Keine Ausreden! MITMACHEN!<\/strong><\/h1>\n<p style=\"text-align: left;\">Hier finden Sie die daf\u00fcr ben\u00f6tigte <a href=\"https:\/\/www.pilgerndorf.de\/wp-content\/uploads\/2020\/02\/Beitrittserklrung_Freiwillige_Feuerwehr_Pilgerndorf_eV_.pdf\" target=\" rel=\" rel=\"noopener noreferrer\">Beitrittserkl\u00e4rung<\/a> als Download im pdf-Format (Acrobat Reader).<\/p>\n","protected":false},"excerpt":{"rendered":"<p>Stell&#8216; dir vor du dr\u00fcckst und alle dr\u00fccken sich. Keine Ausreden! MITMACHEN! Hier finden Sie die daf\u00fcr ben\u00f6tigte Beitrittserkl\u00e4rung als Download im pdf-Format (Acrobat Reader).<\/p>\n","protected":false},"author":1,"featured_media":0,"parent":0,"menu_order":0,"comment_status":"closed","ping_status":"closed","template":"","meta":{"site-sidebar-layout":"default","site-content-layout":"default","ast-site-content-layout":"default","site-content-style":"default","site-sidebar-style":"default","ast-global-header-display":"","ast-banner-title-visibility":"","ast-main-header-display":"","ast-hfb-above-header-display":"","ast-hfb-below-header-display":"","ast-hfb-mobile-header-display":"","site-post-title":"","ast-breadcrumbs-content":"","ast-featured-img":"","footer-sml-layout":"","ast-disable-related-posts":"","theme-transparent-header-meta":"default","adv-header-id-meta":"","stick-header-meta":"","header-above-stick-meta":"","header-main-stick-meta":"","header-below-stick-meta":"","astra-migrate-meta-layouts":"default","ast-page-background-enabled":"default","ast-page-background-meta":{"desktop":{"background-color":"","background-image":"","background-repeat":"repeat","background-position":"center center","background-size":"auto","background-attachment":"scroll","background-type":"","background-media":"","overlay-type":"","overlay-color":"","overlay-opacity":"","overlay-gradient":""},"tablet":{"background-color":"","background-image":"","background-repeat":"repeat","background-position":"center center","background-size":"auto","background-attachment":"scroll","background-type":"","background-media":"","overlay-type":"","overlay-color":"","overlay-opacity":"","overlay-gradient":""},"mobile":{"background-color":"","background-image":"","background-repeat":"repeat","background-position":"center center","background-size":"auto","background-attachment":"scroll","background-type":"","background-media":"","overlay-type":"","overlay-color":"","overlay-opacity":"","overlay-gradient":""}},"ast-content-background-meta":{"desktop":{"background-color":"var(--ast-global-color-5)","background-image":"","background-repeat":"repeat","background-position":"center center","background-size":"auto","background-attachment":"scroll","background-type":"","background-media":"","overlay-type":"","overlay-color":"","overlay-opacity":"","overlay-gradient":""},"tablet":{"background-color":"var(--ast-global-color-5)","background-image":"","background-repeat":"repeat","background-position":"center center","background-size":"auto","background-attachment":"scroll","background-type":"","background-media":"","overlay-type":"","overlay-color":"","overlay-opacity":"","overlay-gradient":""},"mobile":{"background-color":"var(--ast-global-color-5)","background-image":"","background-repeat":"repeat","background-position":"center center","background-size":"auto","background-attachment":"scroll","background-type":"","background-media":"","overlay-type":"","overlay-color":"","overlay-opacity":"","overlay-gradient":""}},"footnotes":""},"class_list":["post-129","page","type-page","status-publish","hentry"],"_links":{"self":[{"href":"https:\/\/www.pilgerndorf.de\/index.php\/wp-json\/wp\/v2\/pages\/129","targetHints":{"allow":["GET"]}}],"collection":[{"href":"https:\/\/www.pilgerndorf.de\/index.php\/wp-json\/wp\/v2\/pages"}],"about":[{"href":"https:\/\/www.pilgerndorf.de\/index.php\/wp-json\/wp\/v2\/types\/page"}],"author":[{"embeddable":true,"href":"https:\/\/www.pilgerndorf.de\/index.php\/wp-json\/wp\/v2\/users\/1"}],"replies":[{"embeddable":true,"href":"https:\/\/www.pilgerndorf.de\/index.php\/wp-json\/wp\/v2\/comments?post=129"}],"version-history":[{"count":8,"href":"https:\/\/www.pilgerndorf.de\/index.php\/wp-json\/wp\/v2\/pages\/129\/revisions"}],"predecessor-version":[{"id":331,"href":"https:\/\/www.pilgerndorf.de\/index.php\/wp-json\/wp\/v2\/pages\/129\/revisions\/331"}],"wp:attachment":[{"href":"https:\/\/www.pilgerndorf.de\/index.php\/wp-json\/wp\/v2\/media?parent=129"}],"curies":[{"name":"wp","href":"https:\/\/api.w.org\/{rel}","templated":true}]}}