{"id":112,"date":"2020-02-19T10:46:18","date_gmt":"2020-02-19T09:46:18","guid":{"rendered":"http:\/\/192.168.178.71\/?page_id=112"},"modified":"2023-06-30T16:24:50","modified_gmt":"2023-06-30T14:24:50","slug":"ffw-chronik","status":"publish","type":"page","link":"https:\/\/www.pilgerndorf.de\/index.php\/ffw-chronik\/","title":{"rendered":"Chronik"},"content":{"rendered":"<h1 style=\"text-align: center;\"><strong>Chronik<\/strong><\/h1>\n<h4 style=\"text-align: center;\">der<\/h4>\n<h2 style=\"text-align: center;\"><strong>Freiwilligen Feuerwehr Pilgerndorf e. V.<\/strong><\/h2>\n<p>&nbsp;<\/p>\n<table style=\"height: 400px; width: 100%; border-collapse: collapse; border-style: none; border-width: 0px;\">\n<tbody>\n<tr style=\"height: 40px;\">\n<td style=\"width: 66px; height: 40px; border-width: 0px;\">1877<\/td>\n<td style=\"height: 40px; border-width: 0px;\">Die Freiwillige Feuerwehr der Gemeinde Sch\u00f6nfeld wird gegr\u00fcndet.<\/td>\n<\/tr>\n<tr style=\"height: 40px;\">\n<td style=\"width: 66px; height: 40px; border-width: 0px;\">1951<\/td>\n<td style=\"height: 40px; border-width: 0px;\">Die Ortschaft Pilgerndorf spaltet sich von der FF Sch\u00f6nfeld ab, und gr\u00fcndet eine eigene Wehr.<\/td>\n<\/tr>\n<tr style=\"height: 40px;\">\n<td style=\"width: 66px; height: 40px; border-width: 0px;\">1951<\/td>\n<td style=\"height: 40px; border-width: 0px;\">Eine aus dem zweiten Weltkrieg liegengebliebene Tragkraftspritze geht in Besitz der FF Pilgerndorf \u00fcber.<\/td>\n<\/tr>\n<tr style=\"height: 40px;\">\n<td style=\"width: 66px; height: 40px; border-width: 0px;\">1951<\/td>\n<td style=\"height: 40px; border-width: 0px;\">Ein Feuerwehrger\u00e4tehaus wird unterhalb vom Gasthaus Seeber errichtet.<\/td>\n<\/tr>\n<tr style=\"height: 40px;\">\n<td style=\"width: 66px; height: 40px; border-width: 0px;\">1961<\/td>\n<td style=\"height: 40px; border-width: 0px;\">Ein L\u00f6schbeh\u00e4lter mit einem Fassungsverm\u00f6gen von 180 m\u00b3 L\u00f6schwasser wird gebaut.<\/td>\n<\/tr>\n<tr style=\"height: 40px;\">\n<td style=\"width: 66px; height: 40px; border-width: 0px;\">1963<\/td>\n<td style=\"height: 40px; border-width: 0px;\">Erstmals legen 2 Gruppen der FF Pilgerndorf die Leistungspr\u00fcfung ab.<\/td>\n<\/tr>\n<tr style=\"height: 40px;\">\n<td style=\"width: 66px; height: 40px; border-width: 0px;\">1981<\/td>\n<td style=\"height: 40px; border-width: 0px;\">Erstmals wird in Pilgerndorf ein Johannisfeuer abgebrannt.<\/td>\n<\/tr>\n<tr style=\"height: 40px;\">\n<td style=\"width: 66px; height: 40px; border-width: 0px;\">1981<\/td>\n<td style=\"height: 40px; border-width: 0px;\">Beim Anwesen Stephan Kaupper steht im August die Scheune in Flammen.<\/td>\n<\/tr>\n<tr style=\"height: 40px;\">\n<td style=\"width: 66px; height: 40px; border-width: 0px;\">1983<\/td>\n<td style=\"height: 40px; border-width: 0px;\">Gro\u00dfbrand in Pilgerndorf: Die Scheune und der Stall der Familie Stolbinger, HS-Nr. 16 brennt am 07.07. bis auf die Grundmauern nieder.<\/td>\n<\/tr>\n<tr style=\"height: 40px;\">\n<td style=\"width: 66px; height: 40px; border-width: 0px;\">1985<\/td>\n<td style=\"height: 40px; border-width: 0px;\">Gro\u00dfbrand in Pilgerndorf: Eine Scheune beim Anwesen Otto Kaupper brennt am 15.08. komplett nieder.<\/td>\n<\/tr>\n<tr style=\"height: 40px;\">\n<td style=\"width: 66px; height: 40px; border-width: 0px;\">1987<\/td>\n<td style=\"height: 40px; border-width: 0px;\">Das alte Feuerwehrger\u00e4tehaus wird abgerissen und durch einen Neubau ersetzt.<\/td>\n<\/tr>\n<tr style=\"height: 40px;\">\n<td style=\"width: 66px; height: 40px; border-width: 0px;\">1988<\/td>\n<td style=\"height: 40px; border-width: 0px;\">Der Gemeindefeuerwehrtag der Stadt Hollfeld findet am 28. und 29.05. in Pilgerndorf statt.<\/td>\n<\/tr>\n<tr style=\"height: 40px;\">\n<td style=\"width: 66px; height: 40px; border-width: 0px;\">1992<\/td>\n<td style=\"height: 40px; border-width: 0px;\">Gro\u00dfbrand in Pilgerndorf: Die Scheune und der Stall der Familie Hannig, HS-Nr. 9 brennt am 23.09. bis auf die Grundmauern nieder.<\/td>\n<\/tr>\n<tr style=\"height: 40px;\">\n<td style=\"width: 66px; height: 40px; border-width: 0px;\">1992<\/td>\n<td style=\"height: 40px; border-width: 0px;\">Bei Familie Kaupper, HS-Nr. 5 bricht im Oktober ein Zimmerbrand aus.<\/td>\n<\/tr>\n<tr style=\"height: 40px;\">\n<td style=\"width: 66px; height: 40px; border-width: 0px;\">1994<\/td>\n<td style=\"height: 40px; border-width: 0px;\">Die FF Pilgerndorf bekommt einen Tragkraftspritzenanh\u00e4nger zur Verf\u00fcgung gestellt.<\/td>\n<\/tr>\n<tr style=\"height: 40px;\">\n<td style=\"width: 66px; height: 40px; border-width: 0px;\">1996<\/td>\n<td style=\"height: 40px; border-width: 0px;\">Eine gut gebrauchte Tragkraftspritze TS 8\/8 mit Elektrostart wird neu angeschafft.<\/td>\n<\/tr>\n<tr style=\"height: 40px;\">\n<td style=\"width: 66px; height: 40px; border-width: 0px;\">1997<\/td>\n<td style=\"height: 40px; border-width: 0px;\">Edmund Schreiber wird bei der Jahreshauptversammlung am 10.01. zum Ehrenkommandant ernannt.<\/td>\n<\/tr>\n<tr style=\"height: 40px;\">\n<td style=\"width: 66px; height: 40px; border-width: 0px;\">2001<\/td>\n<td style=\"height: 40px; border-width: 0px;\">Auf dem Dach des Feuerwehrger\u00e4tehauses wird eine neue Sirene mit Funkalarmierung installiert.<\/td>\n<\/tr>\n<tr style=\"height: 40px;\">\n<td style=\"width: 66px; height: 40px; border-width: 0px;\">2009<\/td>\n<td style=\"height: 40px; border-width: 0px;\">Josef Wolf und Heinrich Stolbinger werden bei der Jahreshauptversammlung am 30.01. zu Ehrenmitgliedern ernannt.<\/td>\n<\/tr>\n<tr style=\"height: 40px;\">\n<td style=\"width: 66px; height: 40px; border-width: 0px;\">2009<\/td>\n<td style=\"height: 40px; border-width: 0px;\">Die FF Pilgerndorf tritt dem Kreisfeuerwehrverband Bayreuth e.V. bei.<\/td>\n<\/tr>\n<tr style=\"height: 40px;\">\n<td style=\"width: 66px; height: 40px; border-width: 0px;\">2009<\/td>\n<td style=\"height: 40px; border-width: 0px;\">Die FF Pilgerndorf richtet am 09.05. den Jugendfeuerwehrtag der Inspektion II des Landkreises Bayreuth aus.<\/td>\n<\/tr>\n<tr style=\"height: 40px;\">\n<td style=\"width: 66px; height: 40px; border-width: 0px;\">2009<\/td>\n<td style=\"height: 40px; border-width: 0px;\">Erstmals veranstaltet die FF Pilgerndorf ein Dorffest am 09.05. in der LKW-Halle der Firma Wolf-Viehtransporte.<\/td>\n<\/tr>\n<tr style=\"height: 40px;\">\n<td style=\"width: 66px; height: 40px; border-width: 0px;\">2010<\/td>\n<td style=\"height: 40px; border-width: 0px;\">Die FF Pilgerndorf gr\u00fcndet eine Damengruppe.<\/td>\n<\/tr>\n<tr style=\"height: 40px;\">\n<td style=\"width: 66px; height: 40px; border-width: 0px;\">2011<\/td>\n<td style=\"height: 40px; border-width: 0px;\">Der Feuerwehrverein wird in einen e.V. (eingetragenen Verein) umgewandelt.<\/td>\n<\/tr>\n<tr style=\"height: 40px;\">\n<td style=\"width: 66px; height: 40px; border-width: 0px;\">2011<\/td>\n<td style=\"height: 40px; border-width: 0px;\">Das zweite Pilgerndorfer Dorffest findet am 11.05. statt.<\/td>\n<\/tr>\n<tr style=\"height: 40px;\">\n<td style=\"width: 66px; height: 40px; border-width: 0px;\">2011<\/td>\n<td style=\"height: 40px; border-width: 0px;\">Am 10. Dezember veranstaltet die Feuerwehr Pilgerndorf erstmals ein Winterfeuer auf dem Festplatz neben dem Aussiedlerhof Stolbinger.<\/td>\n<\/tr>\n<tr style=\"height: 40px;\">\n<td style=\"width: 66px; height: 40px; border-width: 0px;\">2012<\/td>\n<td style=\"height: 40px; border-width: 0px;\">Die Fassade des Feuerwehrger\u00e4tehauses wird im Juni durch einen Neuanstrich renoviert.<\/td>\n<\/tr>\n<tr style=\"height: 40px;\">\n<td style=\"width: 66px; height: 40px; border-width: 0px;\">2015<\/td>\n<td style=\"height: 40px; border-width: 0px;\">Am 23.05. findet im Rahmen des 3. Pilgerndorfer Dorffestes ein Lebendkickerturnier statt.<\/td>\n<\/tr>\n<tr style=\"height: 40px;\">\n<td style=\"width: 66px; height: 40px; border-width: 0px;\">2015<\/td>\n<td style=\"height: 40px; border-width: 0px;\">Auf einem Getreidefeld neben dem Schotterwerk Schwarzmann brennt am 02.08. eine Strohballenpresse komplett aus.<\/td>\n<\/tr>\n<tr style=\"height: 40px;\">\n<td style=\"width: 66px; height: 40px; border-width: 0px;\">2015<\/td>\n<td style=\"height: 40px; border-width: 0px;\">Das Bayern 3-Dorffest 2015 findet am 12.09.2015 mit 65.000 Besuchern in Tiefenlesau statt. Die Freiwillige Feuerwehr Pilgerndorf beteiligt sich mit 18 Helfern an diesem Gro\u00dfereignis.<\/td>\n<\/tr>\n<tr style=\"height: 40px;\">\n<td style=\"width: 66px; height: 40px; border-width: 0px;\">2015<\/td>\n<td style=\"height: 40px; border-width: 0px;\">Im November bekommt die FF Pilgerndorf erstmals 2 Digitalfunkger\u00e4te zur Verf\u00fcgung gestellt.<\/td>\n<\/tr>\n<tr style=\"height: 40px;\">\n<td style=\"width: 66px; height: 40px; border-width: 0px;\">2015<\/td>\n<td style=\"height: 40px; border-width: 0px;\">Durch die Sicherstellung der L\u00f6schwasserversorgung \u00fcber die Ortswasserleitung der Juragruppe, veranlasst die Stadt Hollfeld im November den R\u00fcckbau des L\u00f6schwasserbeh\u00e4lters.<\/td>\n<\/tr>\n<tr style=\"height: 40px;\">\n<td style=\"width: 66px; height: 40px; border-width: 0px;\">2016<\/td>\n<td style=\"height: 40px; border-width: 0px;\">Am 17.03.2016 wird eine neue Tragkraftspritze TS 8\/8 in Dienst gestellt.<\/td>\n<\/tr>\n<tr style=\"height: 40px;\">\n<td style=\"width: 66px; height: 40px; border-width: 0px;\">2016<\/td>\n<td style=\"height: 40px; border-width: 0px;\">Am 05. August findet auf dem Festplatz ein Bergfest mit Bergfeuer statt.<\/td>\n<\/tr>\n<tr style=\"height: 40px;\">\n<td style=\"width: 66px; height: 40px; border-width: 0px;\">2019<\/td>\n<td style=\"height: 40px; border-width: 0px;\">Im Jahr 1319 wurde Pilgerndorf erstmals urkundlich erw\u00e4hnt. Aus diesem Anlass veranstaltet die FF Pilgerndorf einen Festtag am 07. Juli 2019.<\/td>\n<\/tr>\n<tr style=\"height: 40px;\">\n<td style=\"width: 66px; height: 40px; border-width: 0px;\">2020<\/td>\n<td style=\"height: 40px; border-width: 0px;\">Arthur Reischl wird bei der Jahreshauptversammlung am 17.01. zum Ehrenmitglied ernannt.<\/td>\n<\/tr>\n<tr style=\"height: 40px;\">\n<td style=\"width: 66px; height: 40px; border-width: 0px;\">2020<\/td>\n<td style=\"height: 40px; border-width: 0px;\">Ein gut gebrauchter B\u00fcrocontainer wird neu angeschafft.<\/td>\n<\/tr>\n<tr style=\"height: 40px;\">\n<td style=\"width: 66px; height: 40px; border-width: 0px;\">2023<\/td>\n<td style=\"height: 40px; border-width: 0px;\">Die aktiven Wehren aus Pilgerndorf und Sch\u00f6nfeld fusionieren bei der Dienstversammlung am 23.06.2023 im Gasthaus Seeber zur Freiwilligen Feuerwehr Pilgerndorf-Sch\u00f6nfeld.<\/td>\n<\/tr>\n<\/tbody>\n<\/table>\n<p>&nbsp;<\/p>\n","protected":false},"excerpt":{"rendered":"<p>Chronik der Freiwilligen Feuerwehr Pilgerndorf e. V. &nbsp; 1877 Die Freiwillige Feuerwehr der Gemeinde Sch\u00f6nfeld wird gegr\u00fcndet. 1951 Die Ortschaft Pilgerndorf spaltet sich von der FF Sch\u00f6nfeld ab, und gr\u00fcndet eine eigene Wehr. 1951 Eine aus dem zweiten Weltkrieg liegengebliebene Tragkraftspritze geht in Besitz der FF Pilgerndorf \u00fcber. 1951 Ein Feuerwehrger\u00e4tehaus wird unterhalb vom Gasthaus [&hellip;]<\/p>\n","protected":false},"author":1,"featured_media":0,"parent":0,"menu_order":0,"comment_status":"closed","ping_status":"closed","template":"","meta":{"site-sidebar-layout":"default","site-content-layout":"default","ast-site-content-layout":"default","site-content-style":"default","site-sidebar-style":"default","ast-global-header-display":"","ast-banner-title-visibility":"","ast-main-header-display":"","ast-hfb-above-header-display":"","ast-hfb-below-header-display":"","ast-hfb-mobile-header-display":"","site-post-title":"","ast-breadcrumbs-content":"","ast-featured-img":"","footer-sml-layout":"","ast-disable-related-posts":"","theme-transparent-header-meta":"default","adv-header-id-meta":"","stick-header-meta":"","header-above-stick-meta":"","header-main-stick-meta":"","header-below-stick-meta":"","astra-migrate-meta-layouts":"default","ast-page-background-enabled":"default","ast-page-background-meta":{"desktop":{"background-color":"","background-image":"","background-repeat":"repeat","background-position":"center center","background-size":"auto","background-attachment":"scroll","background-type":"","background-media":"","overlay-type":"","overlay-color":"","overlay-opacity":"","overlay-gradient":""},"tablet":{"background-color":"","background-image":"","background-repeat":"repeat","background-position":"center center","background-size":"auto","background-attachment":"scroll","background-type":"","background-media":"","overlay-type":"","overlay-color":"","overlay-opacity":"","overlay-gradient":""},"mobile":{"background-color":"","background-image":"","background-repeat":"repeat","background-position":"center center","background-size":"auto","background-attachment":"scroll","background-type":"","background-media":"","overlay-type":"","overlay-color":"","overlay-opacity":"","overlay-gradient":""}},"ast-content-background-meta":{"desktop":{"background-color":"var(--ast-global-color-5)","background-image":"","background-repeat":"repeat","background-position":"center center","background-size":"auto","background-attachment":"scroll","background-type":"","background-media":"","overlay-type":"","overlay-color":"","overlay-opacity":"","overlay-gradient":""},"tablet":{"background-color":"var(--ast-global-color-5)","background-image":"","background-repeat":"repeat","background-position":"center center","background-size":"auto","background-attachment":"scroll","background-type":"","background-media":"","overlay-type":"","overlay-color":"","overlay-opacity":"","overlay-gradient":""},"mobile":{"background-color":"var(--ast-global-color-5)","background-image":"","background-repeat":"repeat","background-position":"center center","background-size":"auto","background-attachment":"scroll","background-type":"","background-media":"","overlay-type":"","overlay-color":"","overlay-opacity":"","overlay-gradient":""}},"footnotes":""},"class_list":["post-112","page","type-page","status-publish","hentry"],"_links":{"self":[{"href":"https:\/\/www.pilgerndorf.de\/index.php\/wp-json\/wp\/v2\/pages\/112","targetHints":{"allow":["GET"]}}],"collection":[{"href":"https:\/\/www.pilgerndorf.de\/index.php\/wp-json\/wp\/v2\/pages"}],"about":[{"href":"https:\/\/www.pilgerndorf.de\/index.php\/wp-json\/wp\/v2\/types\/page"}],"author":[{"embeddable":true,"href":"https:\/\/www.pilgerndorf.de\/index.php\/wp-json\/wp\/v2\/users\/1"}],"replies":[{"embeddable":true,"href":"https:\/\/www.pilgerndorf.de\/index.php\/wp-json\/wp\/v2\/comments?post=112"}],"version-history":[{"count":18,"href":"https:\/\/www.pilgerndorf.de\/index.php\/wp-json\/wp\/v2\/pages\/112\/revisions"}],"predecessor-version":[{"id":660,"href":"https:\/\/www.pilgerndorf.de\/index.php\/wp-json\/wp\/v2\/pages\/112\/revisions\/660"}],"wp:attachment":[{"href":"https:\/\/www.pilgerndorf.de\/index.php\/wp-json\/wp\/v2\/media?parent=112"}],"curies":[{"name":"wp","href":"https:\/\/api.w.org\/{rel}","templated":true}]}}